{"id":169,"date":"2018-07-17T11:00:51","date_gmt":"2018-07-17T08:00:51","guid":{"rendered":"https:\/\/artonenergy.eu\/?page_id=169"},"modified":"2018-07-17T11:18:21","modified_gmt":"2018-07-17T08:18:21","slug":"energy-label","status":"publish","type":"page","link":"https:\/\/artonenergy.eu\/en\/energy-performance\/new-buildings\/energy-label\/","title":{"rendered":"Energy label"},"content":{"rendered":"<p>Projekteeritavate hoonete puhul t\u00f5endab energiam\u00e4rgis hoone vastavust energiat\u00f5hususe miinimumn\u00f5uetele. Energiam\u00e4rgisele kantakse energiat\u00f5hususarv ehk ETA. Energiat\u00f5hususarvu leidmiseks teostatakse hoone d\u00fcnaamiline simulatsioon, tuginedes projektandmetele.<\/p>\n<p><img loading=\"lazy\" decoding=\"async\" class=\"alignnone size-full wp-image-171\" src=\"https:\/\/artonenergy.eu\/wp-content\/uploads\/2018\/07\/energiamargis-uued.png\" alt=\"\" width=\"692\" height=\"578\" srcset=\"https:\/\/artonenergy.eu\/wp-content\/uploads\/2018\/07\/energiamargis-uued.png 692w, https:\/\/artonenergy.eu\/wp-content\/uploads\/2018\/07\/energiamargis-uued-300x251.png 300w\" sizes=\"(max-width: 692px) 100vw, 692px\" \/><\/p>\n","protected":false},"excerpt":{"rendered":"<p>Projekteeritavate hoonete puhul t\u00f5endab energiam\u00e4rgis hoone vastavust energiat\u00f5hususe miinimumn\u00f5uetele. Energiam\u00e4rgisele kantakse energiat\u00f5hususarv ehk ETA. Energiat\u00f5hususarvu leidmiseks teostatakse hoone d\u00fcnaamiline simulatsioon, tuginedes projektandmetele.<\/p>\n","protected":false},"author":1,"featured_media":0,"parent":162,"menu_order":2,"comment_status":"closed","ping_status":"closed","template":"page-sidebar.php","meta":{"_acf_changed":false,"footnotes":""},"acf":[],"_links":{"self":[{"href":"https:\/\/artonenergy.eu\/en\/wp-json\/wp\/v2\/pages\/169"}],"collection":[{"href":"https:\/\/artonenergy.eu\/en\/wp-json\/wp\/v2\/pages"}],"about":[{"href":"https:\/\/artonenergy.eu\/en\/wp-json\/wp\/v2\/types\/page"}],"author":[{"embeddable":true,"href":"https:\/\/artonenergy.eu\/en\/wp-json\/wp\/v2\/users\/1"}],"replies":[{"embeddable":true,"href":"https:\/\/artonenergy.eu\/en\/wp-json\/wp\/v2\/comments?post=169"}],"version-history":[{"count":2,"href":"https:\/\/artonenergy.eu\/en\/wp-json\/wp\/v2\/pages\/169\/revisions"}],"predecessor-version":[{"id":201,"href":"https:\/\/artonenergy.eu\/en\/wp-json\/wp\/v2\/pages\/169\/revisions\/201"}],"up":[{"embeddable":true,"href":"https:\/\/artonenergy.eu\/en\/wp-json\/wp\/v2\/pages\/162"}],"wp:attachment":[{"href":"https:\/\/artonenergy.eu\/en\/wp-json\/wp\/v2\/media?parent=169"}],"curies":[{"name":"wp","href":"https:\/\/api.w.org\/{rel}","templated":true}]}}