{"id":174,"date":"2018-07-17T11:02:24","date_gmt":"2018-07-17T08:02:24","guid":{"rendered":"https:\/\/artonenergy.eu\/?page_id=174"},"modified":"2018-07-17T11:18:34","modified_gmt":"2018-07-17T08:18:34","slug":"simulation","status":"publish","type":"page","link":"https:\/\/artonenergy.eu\/en\/energy-performance\/new-buildings\/simulation\/","title":{"rendered":"Simulation"},"content":{"rendered":"<p>3Energiat\u00f5hususe miinimumn\u00f5uetele vastavuse t\u00f5endamiseks kasutatakse energiavajaduse arvutamiseks d\u00fcnaamilist simulatsioonarvutust kasutades nt programmi IDA-ICE.<\/p>\n<p>Simulatsiooni k\u00e4igus kirjeldatakse ehitusprojekti alusel v\u00f5imalikult t\u00e4pselt hoone parameetrid. Kirjeldatud parameetrite alusel:<\/p>\n<ul>\n<li>arvutatakse hoone energiavajadus k\u00fctteks, ventilatsiooniks, jahutuseks<\/li>\n<li>on v\u00f5imalik leida kadude jaotud (seinad, katus, p\u00f5rand, aknad, infiltratsioon jne)<\/li>\n<li>m\u00e4\u00e4rata siseruumide temperatuuritingimused<\/li>\n<li>teostada variandiarvutusi optimaalseima tulemuse saavutamiseks<\/li>\n<\/ul>\n<p>\u00dcldisemalt on hoone energeetiline simulatsioon abivahend parima kuluoptimaalse lahenduse v\u00e4lja t\u00f6\u00f6tamiseks ja energiakasutuse optimeerimiseks.<\/p>\n<p><img loading=\"lazy\" decoding=\"async\" class=\"alignnone size-full wp-image-177\" src=\"https:\/\/artonenergy.eu\/wp-content\/uploads\/2018\/07\/simulatsioon.png\" alt=\"\" width=\"668\" height=\"326\" srcset=\"https:\/\/artonenergy.eu\/wp-content\/uploads\/2018\/07\/simulatsioon.png 668w, https:\/\/artonenergy.eu\/wp-content\/uploads\/2018\/07\/simulatsioon-300x146.png 300w\" sizes=\"(max-width: 668px) 100vw, 668px\" \/><\/p>\n","protected":false},"excerpt":{"rendered":"<p>3Energiat\u00f5hususe miinimumn\u00f5uetele vastavuse t\u00f5endamiseks kasutatakse energiavajaduse arvutamiseks d\u00fcnaamilist simulatsioonarvutust kasutades nt programmi IDA-ICE. Simulatsiooni k\u00e4igus kirjeldatakse ehitusprojekti alusel v\u00f5imalikult t\u00e4pselt hoone parameetrid. Kirjeldatud parameetrite alusel: arvutatakse hoone energiavajadus k\u00fctteks, ventilatsiooniks, jahutuseks on v\u00f5imalik leida kadude jaotud (seinad, katus, p\u00f5rand, aknad, infiltratsioon jne) m\u00e4\u00e4rata siseruumide temperatuuritingimused teostada variandiarvutusi optimaalseima tulemuse saavutamiseks \u00dcldisemalt on hoone energeetiline simulatsioon &hellip; <\/p>\n<p class=\"link-more\"><a href=\"https:\/\/artonenergy.eu\/en\/energy-performance\/new-buildings\/simulation\/\" class=\"more-link\">Continue reading<span class=\"screen-reader-text\"> &#8220;Simulation&#8221;<\/span><\/a><\/p>\n","protected":false},"author":1,"featured_media":0,"parent":162,"menu_order":3,"comment_status":"closed","ping_status":"closed","template":"page-sidebar.php","meta":{"_acf_changed":false,"footnotes":""},"acf":[],"_links":{"self":[{"href":"https:\/\/artonenergy.eu\/en\/wp-json\/wp\/v2\/pages\/174"}],"collection":[{"href":"https:\/\/artonenergy.eu\/en\/wp-json\/wp\/v2\/pages"}],"about":[{"href":"https:\/\/artonenergy.eu\/en\/wp-json\/wp\/v2\/types\/page"}],"author":[{"embeddable":true,"href":"https:\/\/artonenergy.eu\/en\/wp-json\/wp\/v2\/users\/1"}],"replies":[{"embeddable":true,"href":"https:\/\/artonenergy.eu\/en\/wp-json\/wp\/v2\/comments?post=174"}],"version-history":[{"count":2,"href":"https:\/\/artonenergy.eu\/en\/wp-json\/wp\/v2\/pages\/174\/revisions"}],"predecessor-version":[{"id":202,"href":"https:\/\/artonenergy.eu\/en\/wp-json\/wp\/v2\/pages\/174\/revisions\/202"}],"up":[{"embeddable":true,"href":"https:\/\/artonenergy.eu\/en\/wp-json\/wp\/v2\/pages\/162"}],"wp:attachment":[{"href":"https:\/\/artonenergy.eu\/en\/wp-json\/wp\/v2\/media?parent=174"}],"curies":[{"name":"wp","href":"https:\/\/api.w.org\/{rel}","templated":true}]}}