{"id":181,"date":"2018-07-17T11:06:08","date_gmt":"2018-07-17T08:06:08","guid":{"rendered":"https:\/\/artonenergy.eu\/?page_id=181"},"modified":"2018-07-17T11:18:52","modified_gmt":"2018-07-17T08:18:52","slug":"blower-door-test","status":"publish","type":"page","link":"https:\/\/artonenergy.eu\/en\/energy-performance\/new-buildings\/blower-door-test\/","title":{"rendered":"Blower-door test"},"content":{"rendered":"<p>Hoone energiat\u00f5hususe miinimumn\u00f5uetele vastavuse t\u00f5endamise \u00fcheks osaks on \u00f5hulekkearv. Arvutusmetoodika annab vaikev\u00e4\u00e4rtused \u00f5hulekkearvu kohta. Siiski on soovitav \u00f5hulekkearv m\u00e4\u00e4rata alar\u00f5hutestiga enne siseviimistluse tegemist. Alar\u00f5hutesti tulemusena on v\u00f5imalik tuvastada \u00f5hulekkekohti. Kui alar\u00f5hu testi tulemusena saadu \u00f5hulekkearv on nt v\u00e4iksem kui esialgselt energiat\u00f5hususe miinimumn\u00f5uete arvutuses kasutatud, siis on soovitav teha uued arvutused ja v\u00e4ljastada uus energiam\u00e4rgis. Tulevikus v\u00f5ib alar\u00f5hutesti tegemine olla kohustuslik kasutusloa taotlemiseks, kuna enne kasutusloa taotlemist on vaja teha uus energiam\u00e4rgis.<\/p>\n<p><img loading=\"lazy\" decoding=\"async\" class=\"alignnone size-large wp-image-183\" src=\"https:\/\/artonenergy.eu\/wp-content\/uploads\/2018\/07\/Alarohutest-uued-1024x384.jpg\" alt=\"\" width=\"525\" height=\"197\" srcset=\"https:\/\/artonenergy.eu\/wp-content\/uploads\/2018\/07\/Alarohutest-uued-1024x384.jpg 1024w, https:\/\/artonenergy.eu\/wp-content\/uploads\/2018\/07\/Alarohutest-uued-300x113.jpg 300w, https:\/\/artonenergy.eu\/wp-content\/uploads\/2018\/07\/Alarohutest-uued-768x288.jpg 768w, https:\/\/artonenergy.eu\/wp-content\/uploads\/2018\/07\/Alarohutest-uued.jpg 1280w\" sizes=\"(max-width: 525px) 100vw, 525px\" \/><\/p>\n","protected":false},"excerpt":{"rendered":"<p>Hoone energiat\u00f5hususe miinimumn\u00f5uetele vastavuse t\u00f5endamise \u00fcheks osaks on \u00f5hulekkearv. Arvutusmetoodika annab vaikev\u00e4\u00e4rtused \u00f5hulekkearvu kohta. Siiski on soovitav \u00f5hulekkearv m\u00e4\u00e4rata alar\u00f5hutestiga enne siseviimistluse tegemist. Alar\u00f5hutesti tulemusena on v\u00f5imalik tuvastada \u00f5hulekkekohti. Kui alar\u00f5hu testi tulemusena saadu \u00f5hulekkearv on nt v\u00e4iksem kui esialgselt energiat\u00f5hususe miinimumn\u00f5uete arvutuses kasutatud, siis on soovitav teha uued arvutused ja v\u00e4ljastada uus energiam\u00e4rgis. Tulevikus &hellip; <\/p>\n<p class=\"link-more\"><a href=\"https:\/\/artonenergy.eu\/en\/energy-performance\/new-buildings\/blower-door-test\/\" class=\"more-link\">Continue reading<span class=\"screen-reader-text\"> &#8220;Blower-door test&#8221;<\/span><\/a><\/p>\n","protected":false},"author":1,"featured_media":0,"parent":162,"menu_order":4,"comment_status":"closed","ping_status":"closed","template":"page-sidebar.php","meta":{"_acf_changed":false,"footnotes":""},"acf":[],"_links":{"self":[{"href":"https:\/\/artonenergy.eu\/en\/wp-json\/wp\/v2\/pages\/181"}],"collection":[{"href":"https:\/\/artonenergy.eu\/en\/wp-json\/wp\/v2\/pages"}],"about":[{"href":"https:\/\/artonenergy.eu\/en\/wp-json\/wp\/v2\/types\/page"}],"author":[{"embeddable":true,"href":"https:\/\/artonenergy.eu\/en\/wp-json\/wp\/v2\/users\/1"}],"replies":[{"embeddable":true,"href":"https:\/\/artonenergy.eu\/en\/wp-json\/wp\/v2\/comments?post=181"}],"version-history":[{"count":2,"href":"https:\/\/artonenergy.eu\/en\/wp-json\/wp\/v2\/pages\/181\/revisions"}],"predecessor-version":[{"id":203,"href":"https:\/\/artonenergy.eu\/en\/wp-json\/wp\/v2\/pages\/181\/revisions\/203"}],"up":[{"embeddable":true,"href":"https:\/\/artonenergy.eu\/en\/wp-json\/wp\/v2\/pages\/162"}],"wp:attachment":[{"href":"https:\/\/artonenergy.eu\/en\/wp-json\/wp\/v2\/media?parent=181"}],"curies":[{"name":"wp","href":"https:\/\/api.w.org\/{rel}","templated":true}]}}