{"id":186,"date":"2018-07-17T11:07:37","date_gmt":"2018-07-17T08:07:37","guid":{"rendered":"https:\/\/artonenergy.eu\/?page_id=186"},"modified":"2018-07-17T11:19:05","modified_gmt":"2018-07-17T08:19:05","slug":"thermal-imaging","status":"publish","type":"page","link":"https:\/\/artonenergy.eu\/en\/energy-performance\/new-buildings\/thermal-imaging\/","title":{"rendered":"Thermal imaging"},"content":{"rendered":"<p><strong>Uute hoonete korral on termopildistamine abivahend:<\/strong><\/p>\n<ul>\n<li>hindamaks k\u00fclmasildasid<\/li>\n<li>hindmaaks soojustamise kvaliteeti<\/li>\n<li>m\u00e4\u00e4ramaks \u00f5hulekkekohti<\/li>\n<\/ul>\n<p>Parima tulemuse saab, kui termopildistamist tehakse enne siseviimistluse tegemist koos alar\u00f5hutestiga. Selliselt on v\u00f5imalik tuvastatud defekte kulut\u00f5husalt parandada.<\/p>\n<p><img loading=\"lazy\" decoding=\"async\" class=\"alignnone size-full wp-image-188\" src=\"https:\/\/artonenergy.eu\/wp-content\/uploads\/2018\/07\/termopildistamine-uued.png\" alt=\"\" width=\"497\" height=\"372\" srcset=\"https:\/\/artonenergy.eu\/wp-content\/uploads\/2018\/07\/termopildistamine-uued.png 497w, https:\/\/artonenergy.eu\/wp-content\/uploads\/2018\/07\/termopildistamine-uued-300x225.png 300w\" sizes=\"(max-width: 497px) 100vw, 497px\" \/><\/p>\n","protected":false},"excerpt":{"rendered":"<p>Uute hoonete korral on termopildistamine abivahend: hindamaks k\u00fclmasildasid hindmaaks soojustamise kvaliteeti m\u00e4\u00e4ramaks \u00f5hulekkekohti Parima tulemuse saab, kui termopildistamist tehakse enne siseviimistluse tegemist koos alar\u00f5hutestiga. Selliselt on v\u00f5imalik tuvastatud defekte kulut\u00f5husalt parandada.<\/p>\n","protected":false},"author":1,"featured_media":0,"parent":162,"menu_order":5,"comment_status":"closed","ping_status":"closed","template":"page-sidebar.php","meta":{"_acf_changed":false,"footnotes":""},"acf":[],"_links":{"self":[{"href":"https:\/\/artonenergy.eu\/en\/wp-json\/wp\/v2\/pages\/186"}],"collection":[{"href":"https:\/\/artonenergy.eu\/en\/wp-json\/wp\/v2\/pages"}],"about":[{"href":"https:\/\/artonenergy.eu\/en\/wp-json\/wp\/v2\/types\/page"}],"author":[{"embeddable":true,"href":"https:\/\/artonenergy.eu\/en\/wp-json\/wp\/v2\/users\/1"}],"replies":[{"embeddable":true,"href":"https:\/\/artonenergy.eu\/en\/wp-json\/wp\/v2\/comments?post=186"}],"version-history":[{"count":2,"href":"https:\/\/artonenergy.eu\/en\/wp-json\/wp\/v2\/pages\/186\/revisions"}],"predecessor-version":[{"id":204,"href":"https:\/\/artonenergy.eu\/en\/wp-json\/wp\/v2\/pages\/186\/revisions\/204"}],"up":[{"embeddable":true,"href":"https:\/\/artonenergy.eu\/en\/wp-json\/wp\/v2\/pages\/162"}],"wp:attachment":[{"href":"https:\/\/artonenergy.eu\/en\/wp-json\/wp\/v2\/media?parent=186"}],"curies":[{"name":"wp","href":"https:\/\/api.w.org\/{rel}","templated":true}]}}