{"id":205,"date":"2018-07-17T11:20:04","date_gmt":"2018-07-17T08:20:04","guid":{"rendered":"https:\/\/artonenergy.eu\/?page_id=205"},"modified":"2018-07-17T12:10:51","modified_gmt":"2018-07-17T09:10:51","slug":"about","status":"publish","type":"page","link":"https:\/\/artonenergy.eu\/en\/about\/","title":{"rendered":"About"},"content":{"rendered":"<p>Arton Energy O\u00dc \u00e4riideeks on pakkuda kvaliteetset, korrektset ja t\u00e4htaegselt valmivat energeetika, energia- ja ressursit\u00f5hususe alaseid konsultatsiooni\u2013 ja m\u00f5\u00f5tmise teenuseid era- ja \u00e4riklientidele Baltikumis ja Skandinaavias.<\/p>\n<p>Meil on kahek\u00fcmne aastane erialane t\u00f6\u00f6kogemus. Ettev\u00f5te poolt pakutavad teenused aitavad klientidel saada vastuseid ja teha \u00f5igeid otsuseid:<\/p>\n<p>Energiat\u00f5hususe k\u00fcsimuste lahendamiseks<br \/>\nRessursit\u00f5hususe k\u00fcsimuste lahendamiseks<br \/>\nHoonete rekonstrueerimiseks<br \/>\nEnergiamajanduse korraldamiseks<\/p>\n","protected":false},"excerpt":{"rendered":"<p>Arton Energy O\u00dc \u00e4riideeks on pakkuda kvaliteetset, korrektset ja t\u00e4htaegselt valmivat energeetika, energia- ja ressursit\u00f5hususe alaseid konsultatsiooni\u2013 ja m\u00f5\u00f5tmise teenuseid era- ja \u00e4riklientidele Baltikumis ja Skandinaavias. Meil on kahek\u00fcmne aastane erialane t\u00f6\u00f6kogemus. Ettev\u00f5te poolt pakutavad teenused aitavad klientidel saada vastuseid ja teha \u00f5igeid otsuseid: Energiat\u00f5hususe k\u00fcsimuste lahendamiseks Ressursit\u00f5hususe k\u00fcsimuste lahendamiseks Hoonete rekonstrueerimiseks Energiamajanduse korraldamiseks<\/p>\n","protected":false},"author":1,"featured_media":0,"parent":0,"menu_order":0,"comment_status":"closed","ping_status":"closed","template":"","meta":{"_acf_changed":false,"footnotes":""},"acf":[],"_links":{"self":[{"href":"https:\/\/artonenergy.eu\/en\/wp-json\/wp\/v2\/pages\/205"}],"collection":[{"href":"https:\/\/artonenergy.eu\/en\/wp-json\/wp\/v2\/pages"}],"about":[{"href":"https:\/\/artonenergy.eu\/en\/wp-json\/wp\/v2\/types\/page"}],"author":[{"embeddable":true,"href":"https:\/\/artonenergy.eu\/en\/wp-json\/wp\/v2\/users\/1"}],"replies":[{"embeddable":true,"href":"https:\/\/artonenergy.eu\/en\/wp-json\/wp\/v2\/comments?post=205"}],"version-history":[{"count":2,"href":"https:\/\/artonenergy.eu\/en\/wp-json\/wp\/v2\/pages\/205\/revisions"}],"predecessor-version":[{"id":283,"href":"https:\/\/artonenergy.eu\/en\/wp-json\/wp\/v2\/pages\/205\/revisions\/283"}],"wp:attachment":[{"href":"https:\/\/artonenergy.eu\/en\/wp-json\/wp\/v2\/media?parent=205"}],"curies":[{"name":"wp","href":"https:\/\/api.w.org\/{rel}","templated":true}]}}