{"id":241,"date":"2018-07-17T11:55:05","date_gmt":"2018-07-17T08:55:05","guid":{"rendered":"https:\/\/artonenergy.eu\/?page_id=241"},"modified":"2018-07-17T11:59:59","modified_gmt":"2018-07-17T08:59:59","slug":"scanning-resource-audit","status":"publish","type":"page","link":"https:\/\/artonenergy.eu\/en\/resource-audit\/scanning-resource-audit\/","title":{"rendered":"Scanning resource audit"},"content":{"rendered":"<p>\u00dclevaatlik ressursikasutuse anal\u00fc\u00fcs on suunatud ettev\u00f5tetele, millel puuduvad eelnevad anal\u00fc\u00fcsid ja\/v\u00f5i piisav kindlus ressursis\u00e4\u00e4stuprojektide raames tehtavate investeeringute vajalikkuses ning milles:<\/p>\n<ul>\n<li>antakse \u00fclevaade ettev\u00f5tte tegevusest ja tulevikuplaanidest<\/li>\n<li>kaardistatakse ettev\u00f5tte senine ressursikasutus<\/li>\n<li>kirjeldatakse potentsiaalseid ressursis\u00e4\u00e4stuv\u00f5imalusi<\/li>\n<li>kirjeldatakse l\u00fchidalt v\u00f5imalikke ressursis\u00e4\u00e4stuprojekte<\/li>\n<\/ul>\n<p><img loading=\"lazy\" decoding=\"async\" class=\"alignnone size-full wp-image-238\" src=\"https:\/\/artonenergy.eu\/wp-content\/uploads\/2018\/07\/ylevaatlik-ressursiaudit.png\" alt=\"\" width=\"904\" height=\"624\" srcset=\"https:\/\/artonenergy.eu\/wp-content\/uploads\/2018\/07\/ylevaatlik-ressursiaudit.png 904w, https:\/\/artonenergy.eu\/wp-content\/uploads\/2018\/07\/ylevaatlik-ressursiaudit-300x207.png 300w, https:\/\/artonenergy.eu\/wp-content\/uploads\/2018\/07\/ylevaatlik-ressursiaudit-768x530.png 768w\" sizes=\"(max-width: 767px) 89vw, (max-width: 1000px) 54vw, (max-width: 1071px) 543px, 580px\" \/><\/p>\n","protected":false},"excerpt":{"rendered":"<p>\u00dclevaatlik ressursikasutuse anal\u00fc\u00fcs on suunatud ettev\u00f5tetele, millel puuduvad eelnevad anal\u00fc\u00fcsid ja\/v\u00f5i piisav kindlus ressursis\u00e4\u00e4stuprojektide raames tehtavate investeeringute vajalikkuses ning milles: antakse \u00fclevaade ettev\u00f5tte tegevusest ja tulevikuplaanidest kaardistatakse ettev\u00f5tte senine ressursikasutus kirjeldatakse potentsiaalseid ressursis\u00e4\u00e4stuv\u00f5imalusi kirjeldatakse l\u00fchidalt v\u00f5imalikke ressursis\u00e4\u00e4stuprojekte<\/p>\n","protected":false},"author":1,"featured_media":0,"parent":236,"menu_order":1,"comment_status":"closed","ping_status":"closed","template":"page-sidebar.php","meta":{"_acf_changed":false,"footnotes":""},"acf":[],"_links":{"self":[{"href":"https:\/\/artonenergy.eu\/en\/wp-json\/wp\/v2\/pages\/241"}],"collection":[{"href":"https:\/\/artonenergy.eu\/en\/wp-json\/wp\/v2\/pages"}],"about":[{"href":"https:\/\/artonenergy.eu\/en\/wp-json\/wp\/v2\/types\/page"}],"author":[{"embeddable":true,"href":"https:\/\/artonenergy.eu\/en\/wp-json\/wp\/v2\/users\/1"}],"replies":[{"embeddable":true,"href":"https:\/\/artonenergy.eu\/en\/wp-json\/wp\/v2\/comments?post=241"}],"version-history":[{"count":2,"href":"https:\/\/artonenergy.eu\/en\/wp-json\/wp\/v2\/pages\/241\/revisions"}],"predecessor-version":[{"id":254,"href":"https:\/\/artonenergy.eu\/en\/wp-json\/wp\/v2\/pages\/241\/revisions\/254"}],"up":[{"embeddable":true,"href":"https:\/\/artonenergy.eu\/en\/wp-json\/wp\/v2\/pages\/236"}],"wp:attachment":[{"href":"https:\/\/artonenergy.eu\/en\/wp-json\/wp\/v2\/media?parent=241"}],"curies":[{"name":"wp","href":"https:\/\/api.w.org\/{rel}","templated":true}]}}