{"id":247,"date":"2018-07-17T11:58:31","date_gmt":"2018-07-17T08:58:31","guid":{"rendered":"https:\/\/artonenergy.eu\/?page_id=247"},"modified":"2018-07-17T11:59:31","modified_gmt":"2018-07-17T08:59:31","slug":"detailed-resource-audit","status":"publish","type":"page","link":"https:\/\/artonenergy.eu\/en\/resource-audit\/detailed-resource-audit\/","title":{"rendered":"Detailed resource audit"},"content":{"rendered":"<p>Detailne ressursikasutuse anal\u00fc\u00fcs keskendub eelneva \u00fclevaatliku ressursikasutuse anal\u00fc\u00fcsi p\u00f5hjal defineeritud valdkonnale\/valdkondadele v\u00f5i muudele eelnevatele anal\u00fc\u00fcsidele, mis on ettev\u00f5ttes tehtud ressursikasutuse kohta ning milles:<\/p>\n<ul>\n<li>antakse \u00fclevaade ettev\u00f5tte tegevusest ning tulevikuplaanidest<\/li>\n<li>antakse seni tehtud anal\u00fc\u00fcside p\u00f5hjal \u00fclevaade ettev\u00f5tte ressursikasutusest ning v\u00f5imalikest ressursis\u00e4\u00e4stuprojektidest ettev\u00f5tte erinevate objektide ja ressursside l\u00f5ikes<\/li>\n<li>valitakse detailse ressursikasutuse anal\u00fc\u00fcsi olulised objekti(d) ja ressursid ning p\u00f5hjendatakse valikut<\/li>\n<li>anal\u00fc\u00fcsitakse detailselt valitud objekti senist ressursikasutust ning koostatakse ressursikasutuse baasstsenaarium(id) (erinevate ressursside l\u00f5ikes)<\/li>\n<li>v\u00f5etakse muuhulgas arvesse tootmise erip\u00e4rad (nt ts\u00fcklilisus)<\/li>\n<li>m\u00e4\u00e4ratletakse valitud objekti(de) toodang ja toodangu\u00fchik<\/li>\n<li>koostatakse ja kirjeldatakse objekti(de) ressursis\u00e4\u00e4stuprojekt(id) koos saavutatava s\u00e4\u00e4stu (ressursikasutuse baasstsenaariumi ja projekti stsenaariumi ressursikasutuse vahe), hinnangulise maksumuse, tasuvusaja ja kaasnevate riskidega;<\/li>\n<li>valitakse saadud anal\u00fc\u00fcsi tulemuste p\u00f5hjal ressursis\u00e4\u00e4stuprojekt(id), mida soovitatakse kohe teha v\u00f5i siis hiljem teatud tingimuste t\u00e4itumisel;<\/li>\n<li>tehakse valitud projekti(de)le tundlikkuse anal\u00fc\u00fcs (nt muutes s\u00e4\u00e4stu avaldumise m\u00e4\u00e4ra,<\/li>\n<li>projekti investeeringu v\u00f5i jooksvate kulude taset jms) hindamaks valitud muutujate varieeruvuse m\u00f5ju projekti tasuvusele;<\/li>\n<li>koostatakse valitud projekti(de) tegemiseks vajalik tegevuskava ja seireplaan.<\/li>\n<\/ul>\n<p>Ainult detailse ressursikasutuse anal\u00fc\u00fcsi n\u00f5uetele vastav aruanne on tulevikus aluseks ressursis\u00e4\u00e4stuprojekti rahastamistaotluse esitamisel.<\/p>\n<p><img loading=\"lazy\" decoding=\"async\" class=\"alignnone size-full wp-image-244\" src=\"https:\/\/artonenergy.eu\/wp-content\/uploads\/2018\/07\/detailne-ressursiaudit.png\" alt=\"\" width=\"971\" height=\"773\" srcset=\"https:\/\/artonenergy.eu\/wp-content\/uploads\/2018\/07\/detailne-ressursiaudit.png 971w, https:\/\/artonenergy.eu\/wp-content\/uploads\/2018\/07\/detailne-ressursiaudit-300x239.png 300w, https:\/\/artonenergy.eu\/wp-content\/uploads\/2018\/07\/detailne-ressursiaudit-768x611.png 768w\" sizes=\"(max-width: 767px) 89vw, (max-width: 1000px) 54vw, (max-width: 1071px) 543px, 580px\" \/><\/p>\n","protected":false},"excerpt":{"rendered":"<p>Detailne ressursikasutuse anal\u00fc\u00fcs keskendub eelneva \u00fclevaatliku ressursikasutuse anal\u00fc\u00fcsi p\u00f5hjal defineeritud valdkonnale\/valdkondadele v\u00f5i muudele eelnevatele anal\u00fc\u00fcsidele, mis on ettev\u00f5ttes tehtud ressursikasutuse kohta ning milles: antakse \u00fclevaade ettev\u00f5tte tegevusest ning tulevikuplaanidest antakse seni tehtud anal\u00fc\u00fcside p\u00f5hjal \u00fclevaade ettev\u00f5tte ressursikasutusest ning v\u00f5imalikest ressursis\u00e4\u00e4stuprojektidest ettev\u00f5tte erinevate objektide ja ressursside l\u00f5ikes valitakse detailse ressursikasutuse anal\u00fc\u00fcsi olulised objekti(d) ja ressursid ning &hellip; <\/p>\n<p class=\"link-more\"><a href=\"https:\/\/artonenergy.eu\/en\/resource-audit\/detailed-resource-audit\/\" class=\"more-link\">Continue reading<span class=\"screen-reader-text\"> &#8220;Detailed resource audit&#8221;<\/span><\/a><\/p>\n","protected":false},"author":1,"featured_media":0,"parent":236,"menu_order":2,"comment_status":"closed","ping_status":"closed","template":"page-sidebar.php","meta":{"_acf_changed":false,"footnotes":""},"acf":[],"_links":{"self":[{"href":"https:\/\/artonenergy.eu\/en\/wp-json\/wp\/v2\/pages\/247"}],"collection":[{"href":"https:\/\/artonenergy.eu\/en\/wp-json\/wp\/v2\/pages"}],"about":[{"href":"https:\/\/artonenergy.eu\/en\/wp-json\/wp\/v2\/types\/page"}],"author":[{"embeddable":true,"href":"https:\/\/artonenergy.eu\/en\/wp-json\/wp\/v2\/users\/1"}],"replies":[{"embeddable":true,"href":"https:\/\/artonenergy.eu\/en\/wp-json\/wp\/v2\/comments?post=247"}],"version-history":[{"count":3,"href":"https:\/\/artonenergy.eu\/en\/wp-json\/wp\/v2\/pages\/247\/revisions"}],"predecessor-version":[{"id":252,"href":"https:\/\/artonenergy.eu\/en\/wp-json\/wp\/v2\/pages\/247\/revisions\/252"}],"up":[{"embeddable":true,"href":"https:\/\/artonenergy.eu\/en\/wp-json\/wp\/v2\/pages\/236"}],"wp:attachment":[{"href":"https:\/\/artonenergy.eu\/en\/wp-json\/wp\/v2\/media?parent=247"}],"curies":[{"name":"wp","href":"https:\/\/api.w.org\/{rel}","templated":true}]}}