{"id":256,"date":"2018-07-17T12:02:37","date_gmt":"2018-07-17T09:02:37","guid":{"rendered":"https:\/\/artonenergy.eu\/?page_id=256"},"modified":"2018-07-17T12:02:37","modified_gmt":"2018-07-17T09:02:37","slug":"advisory-service","status":"publish","type":"page","link":"https:\/\/artonenergy.eu\/en\/advisory-service\/","title":{"rendered":"Advisory service"},"content":{"rendered":"<p>Arton Energy omab pikaaegset energeetikaalast n\u00f5ustamise kogemust. N\u00f5ustamise juures on meile olulised:<\/p>\n<ol>\n<li>Kliendi rahuolu<\/li>\n<li>Kvaliteet<\/li>\n<li>Konfidentsiaalsus<\/li>\n<li>Usaldusv\u00e4\u00e4rsus<\/li>\n<li>T\u00e4htajad<\/li>\n<\/ol>\n","protected":false},"excerpt":{"rendered":"<p>Arton Energy omab pikaaegset energeetikaalast n\u00f5ustamise kogemust. N\u00f5ustamise juures on meile olulised: Kliendi rahuolu Kvaliteet Konfidentsiaalsus Usaldusv\u00e4\u00e4rsus T\u00e4htajad<\/p>\n","protected":false},"author":1,"featured_media":0,"parent":0,"menu_order":0,"comment_status":"closed","ping_status":"closed","template":"page-sidebar.php","meta":{"_acf_changed":false,"footnotes":""},"acf":[],"_links":{"self":[{"href":"https:\/\/artonenergy.eu\/en\/wp-json\/wp\/v2\/pages\/256"}],"collection":[{"href":"https:\/\/artonenergy.eu\/en\/wp-json\/wp\/v2\/pages"}],"about":[{"href":"https:\/\/artonenergy.eu\/en\/wp-json\/wp\/v2\/types\/page"}],"author":[{"embeddable":true,"href":"https:\/\/artonenergy.eu\/en\/wp-json\/wp\/v2\/users\/1"}],"replies":[{"embeddable":true,"href":"https:\/\/artonenergy.eu\/en\/wp-json\/wp\/v2\/comments?post=256"}],"version-history":[{"count":1,"href":"https:\/\/artonenergy.eu\/en\/wp-json\/wp\/v2\/pages\/256\/revisions"}],"predecessor-version":[{"id":257,"href":"https:\/\/artonenergy.eu\/en\/wp-json\/wp\/v2\/pages\/256\/revisions\/257"}],"wp:attachment":[{"href":"https:\/\/artonenergy.eu\/en\/wp-json\/wp\/v2\/media?parent=256"}],"curies":[{"name":"wp","href":"https:\/\/api.w.org\/{rel}","templated":true}]}}