{"id":259,"date":"2018-07-17T12:03:14","date_gmt":"2018-07-17T09:03:14","guid":{"rendered":"https:\/\/artonenergy.eu\/?page_id=259"},"modified":"2018-07-17T12:03:14","modified_gmt":"2018-07-17T09:03:14","slug":"consulting","status":"publish","type":"page","link":"https:\/\/artonenergy.eu\/en\/advisory-service\/consulting\/","title":{"rendered":"Consulting"},"content":{"rendered":"<p>Arton Energy pakub klientidele laias valikus energeetika- ja energiat\u00f5hususealaseid konsultatsiooniteenuseid. P\u00f5hilised teenused on v\u00e4lja toodud ka meie kodulehel. Kui Teil ei leidnud kodulehelt soovitud teenust, siis p\u00f6\u00f6rduge julgesti meie poole.<\/p>\n","protected":false},"excerpt":{"rendered":"<p>Arton Energy pakub klientidele laias valikus energeetika- ja energiat\u00f5hususealaseid konsultatsiooniteenuseid. P\u00f5hilised teenused on v\u00e4lja toodud ka meie kodulehel. Kui Teil ei leidnud kodulehelt soovitud teenust, siis p\u00f6\u00f6rduge julgesti meie poole.<\/p>\n","protected":false},"author":1,"featured_media":0,"parent":256,"menu_order":1,"comment_status":"closed","ping_status":"closed","template":"page-sidebar.php","meta":{"_acf_changed":false,"footnotes":""},"acf":[],"_links":{"self":[{"href":"https:\/\/artonenergy.eu\/en\/wp-json\/wp\/v2\/pages\/259"}],"collection":[{"href":"https:\/\/artonenergy.eu\/en\/wp-json\/wp\/v2\/pages"}],"about":[{"href":"https:\/\/artonenergy.eu\/en\/wp-json\/wp\/v2\/types\/page"}],"author":[{"embeddable":true,"href":"https:\/\/artonenergy.eu\/en\/wp-json\/wp\/v2\/users\/1"}],"replies":[{"embeddable":true,"href":"https:\/\/artonenergy.eu\/en\/wp-json\/wp\/v2\/comments?post=259"}],"version-history":[{"count":1,"href":"https:\/\/artonenergy.eu\/en\/wp-json\/wp\/v2\/pages\/259\/revisions"}],"predecessor-version":[{"id":260,"href":"https:\/\/artonenergy.eu\/en\/wp-json\/wp\/v2\/pages\/259\/revisions\/260"}],"up":[{"embeddable":true,"href":"https:\/\/artonenergy.eu\/en\/wp-json\/wp\/v2\/pages\/256"}],"wp:attachment":[{"href":"https:\/\/artonenergy.eu\/en\/wp-json\/wp\/v2\/media?parent=259"}],"curies":[{"name":"wp","href":"https:\/\/api.w.org\/{rel}","templated":true}]}}