{"id":265,"date":"2018-07-17T12:05:08","date_gmt":"2018-07-17T09:05:08","guid":{"rendered":"https:\/\/artonenergy.eu\/?page_id=265"},"modified":"2018-07-17T12:05:24","modified_gmt":"2018-07-17T09:05:24","slug":"expertises","status":"publish","type":"page","link":"https:\/\/artonenergy.eu\/en\/advisory-service\/expertises\/","title":{"rendered":"Expertises"},"content":{"rendered":"<p>Eksperthinnangud v\u00f5i -arvamused on kliendile vajalikud:<\/p>\n<ul>\n<li>saamaks eksperdilt seisukohta mingis vaidlusaluse k\u00fcsimuse lahendamiseks<\/li>\n<li>hinnangu saamiseks mingite probleemide lahendamiseks<\/li>\n<\/ul>\n<p>N\u00e4itena v\u00f5ib tuua:<\/p>\n<ul>\n<li>k\u00fcttes\u00fcsteemist eraldunud korteri osaluse suuruse m\u00e4\u00e4ramine kortermaja k\u00fcttekulude kompenseerimisel<\/li>\n<li>k\u00fcttes\u00fcsteemide erinevate aspektid (nt torude dimensioonimine \u00fcmberehitamisel)<\/li>\n<li>individuaalse k\u00fcttekulujaotamise koefitsiendid<\/li>\n<\/ul>\n","protected":false},"excerpt":{"rendered":"<p>Eksperthinnangud v\u00f5i -arvamused on kliendile vajalikud: saamaks eksperdilt seisukohta mingis vaidlusaluse k\u00fcsimuse lahendamiseks hinnangu saamiseks mingite probleemide lahendamiseks N\u00e4itena v\u00f5ib tuua: k\u00fcttes\u00fcsteemist eraldunud korteri osaluse suuruse m\u00e4\u00e4ramine kortermaja k\u00fcttekulude kompenseerimisel k\u00fcttes\u00fcsteemide erinevate aspektid (nt torude dimensioonimine \u00fcmberehitamisel) individuaalse k\u00fcttekulujaotamise koefitsiendid<\/p>\n","protected":false},"author":1,"featured_media":0,"parent":256,"menu_order":3,"comment_status":"closed","ping_status":"closed","template":"page-sidebar.php","meta":{"_acf_changed":false,"footnotes":""},"acf":[],"_links":{"self":[{"href":"https:\/\/artonenergy.eu\/en\/wp-json\/wp\/v2\/pages\/265"}],"collection":[{"href":"https:\/\/artonenergy.eu\/en\/wp-json\/wp\/v2\/pages"}],"about":[{"href":"https:\/\/artonenergy.eu\/en\/wp-json\/wp\/v2\/types\/page"}],"author":[{"embeddable":true,"href":"https:\/\/artonenergy.eu\/en\/wp-json\/wp\/v2\/users\/1"}],"replies":[{"embeddable":true,"href":"https:\/\/artonenergy.eu\/en\/wp-json\/wp\/v2\/comments?post=265"}],"version-history":[{"count":2,"href":"https:\/\/artonenergy.eu\/en\/wp-json\/wp\/v2\/pages\/265\/revisions"}],"predecessor-version":[{"id":267,"href":"https:\/\/artonenergy.eu\/en\/wp-json\/wp\/v2\/pages\/265\/revisions\/267"}],"up":[{"embeddable":true,"href":"https:\/\/artonenergy.eu\/en\/wp-json\/wp\/v2\/pages\/256"}],"wp:attachment":[{"href":"https:\/\/artonenergy.eu\/en\/wp-json\/wp\/v2\/media?parent=265"}],"curies":[{"name":"wp","href":"https:\/\/api.w.org\/{rel}","templated":true}]}}