{"id":269,"date":"2018-07-17T12:05:55","date_gmt":"2018-07-17T09:05:55","guid":{"rendered":"https:\/\/artonenergy.eu\/?page_id=269"},"modified":"2018-07-17T12:05:55","modified_gmt":"2018-07-17T09:05:55","slug":"project-management","status":"publish","type":"page","link":"https:\/\/artonenergy.eu\/en\/advisory-service\/project-management\/","title":{"rendered":"Project management"},"content":{"rendered":"<p>Projekti juhtimine on teenus, kus ettev\u00f5tte palkab energeetikaga seotud projektide juhtimiseks konsultandi v\u00e4ljast poolt. Projekti juhtimise eesm\u00e4rk on korraldada projekteerimine ja ehitamine.<\/p>\n","protected":false},"excerpt":{"rendered":"<p>Projekti juhtimine on teenus, kus ettev\u00f5tte palkab energeetikaga seotud projektide juhtimiseks konsultandi v\u00e4ljast poolt. Projekti juhtimise eesm\u00e4rk on korraldada projekteerimine ja ehitamine.<\/p>\n","protected":false},"author":1,"featured_media":0,"parent":256,"menu_order":4,"comment_status":"closed","ping_status":"closed","template":"page-sidebar.php","meta":{"_acf_changed":false,"footnotes":""},"acf":[],"_links":{"self":[{"href":"https:\/\/artonenergy.eu\/en\/wp-json\/wp\/v2\/pages\/269"}],"collection":[{"href":"https:\/\/artonenergy.eu\/en\/wp-json\/wp\/v2\/pages"}],"about":[{"href":"https:\/\/artonenergy.eu\/en\/wp-json\/wp\/v2\/types\/page"}],"author":[{"embeddable":true,"href":"https:\/\/artonenergy.eu\/en\/wp-json\/wp\/v2\/users\/1"}],"replies":[{"embeddable":true,"href":"https:\/\/artonenergy.eu\/en\/wp-json\/wp\/v2\/comments?post=269"}],"version-history":[{"count":1,"href":"https:\/\/artonenergy.eu\/en\/wp-json\/wp\/v2\/pages\/269\/revisions"}],"predecessor-version":[{"id":270,"href":"https:\/\/artonenergy.eu\/en\/wp-json\/wp\/v2\/pages\/269\/revisions\/270"}],"up":[{"embeddable":true,"href":"https:\/\/artonenergy.eu\/en\/wp-json\/wp\/v2\/pages\/256"}],"wp:attachment":[{"href":"https:\/\/artonenergy.eu\/en\/wp-json\/wp\/v2\/media?parent=269"}],"curies":[{"name":"wp","href":"https:\/\/api.w.org\/{rel}","templated":true}]}}