{"id":272,"date":"2018-07-17T12:06:32","date_gmt":"2018-07-17T09:06:32","guid":{"rendered":"https:\/\/artonenergy.eu\/?page_id=272"},"modified":"2018-07-17T12:06:32","modified_gmt":"2018-07-17T09:06:32","slug":"feasibility-studies","status":"publish","type":"page","link":"https:\/\/artonenergy.eu\/en\/advisory-service\/feasibility-studies\/","title":{"rendered":"Feasibility studies"},"content":{"rendered":"<p>Tehnilis-majanduslike anal\u00fc\u00fcside j\u00e4rele on vajadus klientidel, kes plaanivad mingit uut objekti v\u00f5i olemasoleva rekonstrueerimist, kuid soovivad eelnevalt l\u00e4bi arvutada erinevate energiavarustusalternatiivide majandusliku otstarbekuse, sh erinevad taastuvenergeetika lahendused.<\/p>\n","protected":false},"excerpt":{"rendered":"<p>Tehnilis-majanduslike anal\u00fc\u00fcside j\u00e4rele on vajadus klientidel, kes plaanivad mingit uut objekti v\u00f5i olemasoleva rekonstrueerimist, kuid soovivad eelnevalt l\u00e4bi arvutada erinevate energiavarustusalternatiivide majandusliku otstarbekuse, sh erinevad taastuvenergeetika lahendused.<\/p>\n","protected":false},"author":1,"featured_media":0,"parent":256,"menu_order":5,"comment_status":"closed","ping_status":"closed","template":"page-sidebar.php","meta":{"_acf_changed":false,"footnotes":""},"acf":[],"_links":{"self":[{"href":"https:\/\/artonenergy.eu\/en\/wp-json\/wp\/v2\/pages\/272"}],"collection":[{"href":"https:\/\/artonenergy.eu\/en\/wp-json\/wp\/v2\/pages"}],"about":[{"href":"https:\/\/artonenergy.eu\/en\/wp-json\/wp\/v2\/types\/page"}],"author":[{"embeddable":true,"href":"https:\/\/artonenergy.eu\/en\/wp-json\/wp\/v2\/users\/1"}],"replies":[{"embeddable":true,"href":"https:\/\/artonenergy.eu\/en\/wp-json\/wp\/v2\/comments?post=272"}],"version-history":[{"count":1,"href":"https:\/\/artonenergy.eu\/en\/wp-json\/wp\/v2\/pages\/272\/revisions"}],"predecessor-version":[{"id":273,"href":"https:\/\/artonenergy.eu\/en\/wp-json\/wp\/v2\/pages\/272\/revisions\/273"}],"up":[{"embeddable":true,"href":"https:\/\/artonenergy.eu\/en\/wp-json\/wp\/v2\/pages\/256"}],"wp:attachment":[{"href":"https:\/\/artonenergy.eu\/en\/wp-json\/wp\/v2\/media?parent=272"}],"curies":[{"name":"wp","href":"https:\/\/api.w.org\/{rel}","templated":true}]}}