{"id":275,"date":"2018-07-17T12:07:51","date_gmt":"2018-07-17T09:07:51","guid":{"rendered":"https:\/\/artonenergy.eu\/?page_id=275"},"modified":"2018-07-17T12:07:51","modified_gmt":"2018-07-17T09:07:51","slug":"market-surveys","status":"publish","type":"page","link":"https:\/\/artonenergy.eu\/en\/advisory-service\/market-surveys\/","title":{"rendered":"Market surveys"},"content":{"rendered":"<p>Turu-uuringut v\u00f5ib teostada ettev\u00f5te ise v\u00f5i tellida teenus konsultandilt. Turu-uuring annab vastused j\u00e4rgmistele k\u00fcsimustele nagu n\u00e4iteks:<\/p>\n<ul>\n<li>Konkurentsiolukord vaadelda energeetikasektoris<\/li>\n<li>Peamised konkurendid ja nende majandusn\u00e4itajad<\/li>\n<li>Hinnanguline turumaht<\/li>\n<li>Kliendid<\/li>\n<li>Tarnijad<\/li>\n<li>N\u00f5udlus ja pakkumine<\/li>\n<\/ul>\n<p>Turu-uuring annab ettev\u00f5ttele vastuseid k\u00fcsimustele, mis aitavad langetada olulisi otsuseid tuleviku strateegiate planeerimisel.<\/p>\n","protected":false},"excerpt":{"rendered":"<p>Turu-uuringut v\u00f5ib teostada ettev\u00f5te ise v\u00f5i tellida teenus konsultandilt. Turu-uuring annab vastused j\u00e4rgmistele k\u00fcsimustele nagu n\u00e4iteks: Konkurentsiolukord vaadelda energeetikasektoris Peamised konkurendid ja nende majandusn\u00e4itajad Hinnanguline turumaht Kliendid Tarnijad N\u00f5udlus ja pakkumine Turu-uuring annab ettev\u00f5ttele vastuseid k\u00fcsimustele, mis aitavad langetada olulisi otsuseid tuleviku strateegiate planeerimisel.<\/p>\n","protected":false},"author":1,"featured_media":0,"parent":256,"menu_order":6,"comment_status":"closed","ping_status":"closed","template":"page-sidebar.php","meta":{"_acf_changed":false,"footnotes":""},"acf":[],"_links":{"self":[{"href":"https:\/\/artonenergy.eu\/en\/wp-json\/wp\/v2\/pages\/275"}],"collection":[{"href":"https:\/\/artonenergy.eu\/en\/wp-json\/wp\/v2\/pages"}],"about":[{"href":"https:\/\/artonenergy.eu\/en\/wp-json\/wp\/v2\/types\/page"}],"author":[{"embeddable":true,"href":"https:\/\/artonenergy.eu\/en\/wp-json\/wp\/v2\/users\/1"}],"replies":[{"embeddable":true,"href":"https:\/\/artonenergy.eu\/en\/wp-json\/wp\/v2\/comments?post=275"}],"version-history":[{"count":1,"href":"https:\/\/artonenergy.eu\/en\/wp-json\/wp\/v2\/pages\/275\/revisions"}],"predecessor-version":[{"id":276,"href":"https:\/\/artonenergy.eu\/en\/wp-json\/wp\/v2\/pages\/275\/revisions\/276"}],"up":[{"embeddable":true,"href":"https:\/\/artonenergy.eu\/en\/wp-json\/wp\/v2\/pages\/256"}],"wp:attachment":[{"href":"https:\/\/artonenergy.eu\/en\/wp-json\/wp\/v2\/media?parent=275"}],"curies":[{"name":"wp","href":"https:\/\/api.w.org\/{rel}","templated":true}]}}