{"id":281,"date":"2018-07-17T12:09:56","date_gmt":"2018-07-17T09:09:56","guid":{"rendered":"https:\/\/artonenergy.eu\/?page_id=281"},"modified":"2018-07-17T12:09:56","modified_gmt":"2018-07-17T09:09:56","slug":"proposal-writing","status":"publish","type":"page","link":"https:\/\/artonenergy.eu\/en\/advisory-service\/proposal-writing\/","title":{"rendered":"Proposal writing"},"content":{"rendered":"<p>Taotlus on kindlate reeglite kohaselt koostatud dokumentide kogum, mis on vaja esitada vastuv\u00f5tvale asutusele. Vastuv\u00f5ttev asutus v\u00f5ib olla nt SA Keskkonnainvesteeringute Keskus (KIK), P\u00f5llumajanduse Registrite ja Informatsiooni Amet (PRIA) jne.<\/p>\n<p>Hetke v\u00f5i l\u00e4hitulevikus avanevate taotlusvoorudest v\u00f5ib v\u00e4lja tuua j\u00e4rgmisi:<\/p>\n<ul>\n<li><a href=\"https:\/\/kik.ee\/et\/toetatav-tegevus\/ettevotete-ressursitohusus\" target=\"_blank\" rel=\"noopener\">ettev\u00f5ttete energia- ja ressursit\u00f5hususe investeeringuid<\/a><\/li>\n<li><a href=\"http:\/\/www.pria.ee\/et\/toetused\/valdkond\/kalandus\/kalapuugi_ja_vesiviljelustoodete_tootlemise_energia_ja_ressursisaastlikumaks_muutmise_toetus_emkf_meede_4_4_4_2018_esimene_taotlusvoor\/\" target=\"_blank\" rel=\"noopener\">Kalap\u00fc\u00fcgi- ja vesiviljelustoodete t\u00f6\u00f6tlemise energia- ja ressursis\u00e4\u00e4stlikumaks muutmise toetus<\/a><\/li>\n<\/ul>\n","protected":false},"excerpt":{"rendered":"<p>Taotlus on kindlate reeglite kohaselt koostatud dokumentide kogum, mis on vaja esitada vastuv\u00f5tvale asutusele. Vastuv\u00f5ttev asutus v\u00f5ib olla nt SA Keskkonnainvesteeringute Keskus (KIK), P\u00f5llumajanduse Registrite ja Informatsiooni Amet (PRIA) jne. Hetke v\u00f5i l\u00e4hitulevikus avanevate taotlusvoorudest v\u00f5ib v\u00e4lja tuua j\u00e4rgmisi: ettev\u00f5ttete energia- ja ressursit\u00f5hususe investeeringuid Kalap\u00fc\u00fcgi- ja vesiviljelustoodete t\u00f6\u00f6tlemise energia- ja ressursis\u00e4\u00e4stlikumaks muutmise toetus<\/p>\n","protected":false},"author":1,"featured_media":0,"parent":256,"menu_order":7,"comment_status":"closed","ping_status":"closed","template":"page-sidebar.php","meta":{"_acf_changed":false,"footnotes":""},"acf":[],"_links":{"self":[{"href":"https:\/\/artonenergy.eu\/en\/wp-json\/wp\/v2\/pages\/281"}],"collection":[{"href":"https:\/\/artonenergy.eu\/en\/wp-json\/wp\/v2\/pages"}],"about":[{"href":"https:\/\/artonenergy.eu\/en\/wp-json\/wp\/v2\/types\/page"}],"author":[{"embeddable":true,"href":"https:\/\/artonenergy.eu\/en\/wp-json\/wp\/v2\/users\/1"}],"replies":[{"embeddable":true,"href":"https:\/\/artonenergy.eu\/en\/wp-json\/wp\/v2\/comments?post=281"}],"version-history":[{"count":1,"href":"https:\/\/artonenergy.eu\/en\/wp-json\/wp\/v2\/pages\/281\/revisions"}],"predecessor-version":[{"id":282,"href":"https:\/\/artonenergy.eu\/en\/wp-json\/wp\/v2\/pages\/281\/revisions\/282"}],"up":[{"embeddable":true,"href":"https:\/\/artonenergy.eu\/en\/wp-json\/wp\/v2\/pages\/256"}],"wp:attachment":[{"href":"https:\/\/artonenergy.eu\/en\/wp-json\/wp\/v2\/media?parent=281"}],"curies":[{"name":"wp","href":"https:\/\/api.w.org\/{rel}","templated":true}]}}